{"id":80,"date":"2014-11-03T16:29:30","date_gmt":"2014-11-03T14:29:30","guid":{"rendered":"http:\/\/www.hellhookah.com\/?page_id=80"},"modified":"2020-08-25T18:29:22","modified_gmt":"2020-08-25T16:29:22","slug":"bio","status":"publish","type":"page","link":"https:\/\/www.hellhookah.com\/lt\/bio\/","title":{"rendered":"Apie"},"content":{"rendered":"<p><img loading=\"lazy\" decoding=\"async\" class=\"aligncenter wp-image-81 size-full\" src=\"http:\/\/www.hellhookah.com\/wp-content\/uploads\/007.jpg\" alt=\"Hellhookah\" width=\"500\" height=\"333\" \/><\/p>\n<p>Hellhookah veiklos prad\u017eia laikoma 2012 m. vasara, bet gyvi pasirodymai prad\u0117ti tik 2014 m. saus\u012f. Duet\u0105 sudaro: Arnas (gitara\/vokalas) ir Gintar\u0117 (b\u016bgnai). 2016 m. buvo pasira\u0161yta bendradarbiavimo sutartis su nepriklausoma JAV \u012fra\u0161\u0173 kompanija NoSlip Records, kuri i\u0161leido j\u0173 debiutin\u012f album\u0105 \u201eEndless Serpents\u201c CD ir 180g LP formatais. Grup\u0117 yra sugrojusi daug pasirodym\u0173 \u012fvairiose Europos \u0161alyse: Vokietijoje, Nyderlanduose, Belgijoje, Austrijoje, \u0160veicarijoje, Pranc\u016bzijoje, Suomijoje, Kroatijoje, \u010cekijoje, Slovakijoje, Vengrijoje, Lenkijoje, Ukrainoje, Estijoje, Latvijoje ir Lietuvoje. 2020 m. baland\u017eio 17 d. Hellhookah savaranki\u0161kai i\u0161leido antr\u0105j\u012f pilnos trukm\u0117s album\u0105 \u201eThe Curse\u201c CD ir skaitmeninio albumo formatais. \u0160\u012f Rugpj\u016bt\u012f antrasis albumas taip pat buvo i\u0161leistas 180g LP plok\u0161tel\u0117s formatu kartu su Olde Magick Records, \u012fra\u0161\u0173 kompanija i\u0161 Teksaso, JAV.<\/p>\n<p>Hellhookah nem\u0117gsta sprausti savo muzikos \u012f r\u0117mus, bet j\u0173 k\u016bryba \u012fkv\u0117pta senosios mokyklos metalo ir klasikin\u0117s roko muzikos.\u00a0Muzikoje vyrauja temos, kilusios i\u0161 i\u0161gyvenim\u0173 ir potyri\u0173 \u017dem\u0117s planetoje, kartais nutolstant \u012f dausas.<\/p>","protected":false},"excerpt":{"rendered":"<p>Hellhookah veiklos prad\u017eia laikoma 2012 m. vasara, bet gyvi pasirodymai prad\u0117ti tik 2014 m. saus\u012f. Duet\u0105 sudaro: Arnas (gitara\/vokalas) ir Gintar\u0117 (b\u016bgnai). 2016 m. buvo pasira\u0161yta bendradarbiavimo sutartis su nepriklausoma JAV \u012fra\u0161\u0173 kompanija NoSlip Records, kuri i\u0161leido j\u0173 debiutin\u012f album\u0105 &hellip; <a href=\"https:\/\/www.hellhookah.com\/lt\/bio\/\">Skaitykite toliau <span class=\"meta-nav\">&rarr;<\/span><\/a><\/p>\n","protected":false},"author":1,"featured_media":81,"parent":0,"menu_order":0,"comment_status":"closed","ping_status":"closed","template":"","meta":{"footnotes":""},"class_list":["post-80","page","type-page","status-publish","has-post-thumbnail","hentry"],"jetpack_sharing_enabled":true,"_links":{"self":[{"href":"https:\/\/www.hellhookah.com\/lt\/wp-json\/wp\/v2\/pages\/80","targetHints":{"allow":["GET"]}}],"collection":[{"href":"https:\/\/www.hellhookah.com\/lt\/wp-json\/wp\/v2\/pages"}],"about":[{"href":"https:\/\/www.hellhookah.com\/lt\/wp-json\/wp\/v2\/types\/page"}],"author":[{"embeddable":true,"href":"https:\/\/www.hellhookah.com\/lt\/wp-json\/wp\/v2\/users\/1"}],"replies":[{"embeddable":true,"href":"https:\/\/www.hellhookah.com\/lt\/wp-json\/wp\/v2\/comments?post=80"}],"version-history":[{"count":54,"href":"https:\/\/www.hellhookah.com\/lt\/wp-json\/wp\/v2\/pages\/80\/revisions"}],"predecessor-version":[{"id":1298,"href":"https:\/\/www.hellhookah.com\/lt\/wp-json\/wp\/v2\/pages\/80\/revisions\/1298"}],"wp:featuredmedia":[{"embeddable":true,"href":"https:\/\/www.hellhookah.com\/lt\/wp-json\/wp\/v2\/media\/81"}],"wp:attachment":[{"href":"https:\/\/www.hellhookah.com\/lt\/wp-json\/wp\/v2\/media?parent=80"}],"curies":[{"name":"wp","href":"https:\/\/api.w.org\/{rel}","templated":true}]}}