{"id":1183,"date":"2020-04-16T13:23:36","date_gmt":"2020-04-16T11:23:36","guid":{"rendered":"http:\/\/www.hellhookah.com\/?post_type=product&#038;p=1183"},"modified":"2020-08-20T18:04:21","modified_gmt":"2020-08-20T16:04:21","slug":"the-curse-cd","status":"publish","type":"product","link":"https:\/\/www.hellhookah.com\/lt\/product\/the-curse-cd\/","title":{"rendered":"The Curse CD"},"content":{"rendered":"<p><strong>Audio CD diskas Jewel Case d\u0117\u017eut\u0117je su 8 psl. bukletu<\/strong><br \/>\nRibotas 500 vnt. tira\u017eas<br \/>\n8 puslapi\u0173 bukletas su tekstais<br \/>\nJewel Case d\u0117\u017eut\u0117 su permatomu tr\u0117jumi<br \/>\nAudio CD formatas<\/p>\n<p><strong>Dain\u0173 s\u0105ra\u0161as:<\/strong><br \/>\n1. Running Through Time<br \/>\n2. Supremacy<br \/>\n3. The Creature<br \/>\n4. Flashes<br \/>\n5. The Curse<br \/>\n6. Dreams and Passions<br \/>\n7. Greed and Power<\/p>\n<p>[bandcamp width=100% height=120 album=4126757579 size=large bgcol=333333 linkcol=0f91ff tracklist=false artwork=small]&lt;br&gt;&lt;br&gt;<\/p>","protected":false},"excerpt":{"rendered":"<p>Audio CD diskas Jewel Case d\u0117\u017eut\u0117je su 8 psl. bukletu Ribotas 500 vnt. tira\u017eas 8 puslapi\u0173 bukletas su tekstais Jewel Case d\u0117\u017eut\u0117 su permatomu tr\u0117jumi Audio CD formatas Dain\u0173 s\u0105ra\u0161as: 1. Running Through Time 2. Supremacy 3. The Creature 4. &hellip; <a href=\"https:\/\/www.hellhookah.com\/lt\/product\/the-curse-cd\/\">Skaitykite toliau <span class=\"meta-nav\">&rarr;<\/span><\/a><\/p>\n","protected":false},"featured_media":1262,"comment_status":"closed","ping_status":"closed","template":"","meta":[],"product_brand":[],"product_cat":[19],"product_tag":[],"class_list":{"0":"post-1183","1":"product","2":"type-product","3":"status-publish","4":"has-post-thumbnail","6":"product_cat-uncategorized","8":"first","9":"instock","10":"shipping-taxable","11":"purchasable","12":"product-type-simple"},"jetpack_sharing_enabled":true,"_links":{"self":[{"href":"https:\/\/www.hellhookah.com\/lt\/wp-json\/wp\/v2\/product\/1183","targetHints":{"allow":["GET"]}}],"collection":[{"href":"https:\/\/www.hellhookah.com\/lt\/wp-json\/wp\/v2\/product"}],"about":[{"href":"https:\/\/www.hellhookah.com\/lt\/wp-json\/wp\/v2\/types\/product"}],"replies":[{"embeddable":true,"href":"https:\/\/www.hellhookah.com\/lt\/wp-json\/wp\/v2\/comments?post=1183"}],"wp:featuredmedia":[{"embeddable":true,"href":"https:\/\/www.hellhookah.com\/lt\/wp-json\/wp\/v2\/media\/1262"}],"wp:attachment":[{"href":"https:\/\/www.hellhookah.com\/lt\/wp-json\/wp\/v2\/media?parent=1183"}],"wp:term":[{"taxonomy":"product_brand","embeddable":true,"href":"https:\/\/www.hellhookah.com\/lt\/wp-json\/wp\/v2\/product_brand?post=1183"},{"taxonomy":"product_cat","embeddable":true,"href":"https:\/\/www.hellhookah.com\/lt\/wp-json\/wp\/v2\/product_cat?post=1183"},{"taxonomy":"product_tag","embeddable":true,"href":"https:\/\/www.hellhookah.com\/lt\/wp-json\/wp\/v2\/product_tag?post=1183"}],"curies":[{"name":"wp","href":"https:\/\/api.w.org\/{rel}","templated":true}]}}