{"id":1215,"date":"2020-04-16T20:56:49","date_gmt":"2020-04-16T18:56:49","guid":{"rendered":"http:\/\/www.hellhookah.com\/?post_type=product&#038;p=1215"},"modified":"2023-07-19T12:48:51","modified_gmt":"2023-07-19T10:48:51","slug":"lietuviu-the-curse-cd-t-shirt-pack","status":"publish","type":"product","link":"https:\/\/www.hellhookah.com\/lt\/product\/lietuviu-the-curse-cd-t-shirt-pack\/","title":{"rendered":"The Curse CD + mar\u0161kin\u0117liai rinkinys"},"content":{"rendered":"<p><strong><a href=\"https:\/\/www.hellhookah.com\/product\/the-curse-cd\/\" target=\"_blank\" rel=\"noopener noreferrer\">Audio CD diskas Jewel Case d\u0117\u017eut\u0117je su 8 psl. bukletu<\/a><br \/>\n<\/strong>Ribotas 500 vnt. tira\u017eas<br \/>\n8 puslapi\u0173 bukletas su tekstais<br \/>\nJewel Case d\u0117\u017eut\u0117 su permatomu tr\u0117jumi<br \/>\nAudio CD formatas<br \/>\n+<br \/>\n<a href=\"https:\/\/www.hellhookah.com\/product\/the-curse-t-shirt\/\" target=\"_blank\" rel=\"noopener noreferrer\"><strong>The Curse mar\u0161kin\u0117liai<\/strong><\/a><br \/>\n100% medviln\u0117<br \/>\n\u0160ilkografija<br \/>\nPie\u0161inio autorius: Darius Jonas Art<\/p>","protected":false},"excerpt":{"rendered":"<p>Audio CD diskas Jewel Case d\u0117\u017eut\u0117je su 8 psl. bukletu Ribotas 500 vnt. tira\u017eas 8 puslapi\u0173 bukletas su tekstais Jewel Case d\u0117\u017eut\u0117 su permatomu tr\u0117jumi Audio CD formatas + The Curse mar\u0161kin\u0117liai 100% medviln\u0117 \u0160ilkografija Pie\u0161inio autorius: Darius Jonas Art<\/p>\n","protected":false},"featured_media":1263,"comment_status":"closed","ping_status":"closed","template":"","meta":[],"product_brand":[],"product_cat":[19],"product_tag":[],"class_list":{"0":"post-1215","1":"product","2":"type-product","3":"status-publish","4":"has-post-thumbnail","6":"product_cat-uncategorized","8":"first","9":"instock","10":"shipping-taxable","11":"purchasable","12":"product-type-variable","13":"rtwpvg-product"},"jetpack_sharing_enabled":true,"_links":{"self":[{"href":"https:\/\/www.hellhookah.com\/lt\/wp-json\/wp\/v2\/product\/1215","targetHints":{"allow":["GET"]}}],"collection":[{"href":"https:\/\/www.hellhookah.com\/lt\/wp-json\/wp\/v2\/product"}],"about":[{"href":"https:\/\/www.hellhookah.com\/lt\/wp-json\/wp\/v2\/types\/product"}],"replies":[{"embeddable":true,"href":"https:\/\/www.hellhookah.com\/lt\/wp-json\/wp\/v2\/comments?post=1215"}],"wp:featuredmedia":[{"embeddable":true,"href":"https:\/\/www.hellhookah.com\/lt\/wp-json\/wp\/v2\/media\/1263"}],"wp:attachment":[{"href":"https:\/\/www.hellhookah.com\/lt\/wp-json\/wp\/v2\/media?parent=1215"}],"wp:term":[{"taxonomy":"product_brand","embeddable":true,"href":"https:\/\/www.hellhookah.com\/lt\/wp-json\/wp\/v2\/product_brand?post=1215"},{"taxonomy":"product_cat","embeddable":true,"href":"https:\/\/www.hellhookah.com\/lt\/wp-json\/wp\/v2\/product_cat?post=1215"},{"taxonomy":"product_tag","embeddable":true,"href":"https:\/\/www.hellhookah.com\/lt\/wp-json\/wp\/v2\/product_tag?post=1215"}],"curies":[{"name":"wp","href":"https:\/\/api.w.org\/{rel}","templated":true}]}}