{"id":1264,"date":"2020-08-19T21:49:16","date_gmt":"2020-08-19T19:49:16","guid":{"rendered":"http:\/\/www.hellhookah.com\/?post_type=product&#038;p=1264"},"modified":"2021-12-13T09:34:31","modified_gmt":"2021-12-13T07:34:31","slug":"the-curse-lp-extremely-limited-band-edition","status":"publish","type":"product","link":"https:\/\/www.hellhookah.com\/lt\/product\/the-curse-lp-extremely-limited-band-edition\/","title":{"rendered":"The Curse LP (Ypa\u010d limituotas grup\u0117s leidimas)"},"content":{"rendered":"<p><strong>Ypa\u010d limituotas grup\u0117s leidimas<\/strong><br \/>\nKosmi\u0161kai juodai pilkas 180 gram\u0173 vinilin\u0117 plok\u0161tel\u0117<br \/>\n12&#8243; dvipusis insertas su grup\u0117s nuotraukomis, tekstais, informacija<br \/>\nDvipusis kartoninis vokas<\/p>","protected":false},"excerpt":{"rendered":"<p>Ypa\u010d limituotas grup\u0117s leidimas Kosmi\u0161kai juodai pilkas 180 gram\u0173 vinilin\u0117 plok\u0161tel\u0117 12&#8243; dvipusis insertas su grup\u0117s nuotraukomis, tekstais, informacija Dvipusis kartoninis vokas<\/p>\n","protected":false},"featured_media":1272,"comment_status":"closed","ping_status":"closed","template":"","meta":[],"product_brand":[],"product_cat":[19],"product_tag":[],"class_list":{"0":"post-1264","1":"product","2":"type-product","3":"status-publish","4":"has-post-thumbnail","6":"product_cat-uncategorized","7":"product_shipping_class-registered","9":"first","10":"outofstock","11":"shipping-taxable","12":"purchasable","13":"product-type-simple"},"jetpack_sharing_enabled":true,"_links":{"self":[{"href":"https:\/\/www.hellhookah.com\/lt\/wp-json\/wp\/v2\/product\/1264","targetHints":{"allow":["GET"]}}],"collection":[{"href":"https:\/\/www.hellhookah.com\/lt\/wp-json\/wp\/v2\/product"}],"about":[{"href":"https:\/\/www.hellhookah.com\/lt\/wp-json\/wp\/v2\/types\/product"}],"replies":[{"embeddable":true,"href":"https:\/\/www.hellhookah.com\/lt\/wp-json\/wp\/v2\/comments?post=1264"}],"wp:featuredmedia":[{"embeddable":true,"href":"https:\/\/www.hellhookah.com\/lt\/wp-json\/wp\/v2\/media\/1272"}],"wp:attachment":[{"href":"https:\/\/www.hellhookah.com\/lt\/wp-json\/wp\/v2\/media?parent=1264"}],"wp:term":[{"taxonomy":"product_brand","embeddable":true,"href":"https:\/\/www.hellhookah.com\/lt\/wp-json\/wp\/v2\/product_brand?post=1264"},{"taxonomy":"product_cat","embeddable":true,"href":"https:\/\/www.hellhookah.com\/lt\/wp-json\/wp\/v2\/product_cat?post=1264"},{"taxonomy":"product_tag","embeddable":true,"href":"https:\/\/www.hellhookah.com\/lt\/wp-json\/wp\/v2\/product_tag?post=1264"}],"curies":[{"name":"wp","href":"https:\/\/api.w.org\/{rel}","templated":true}]}}