{"id":1279,"date":"2020-08-20T18:19:45","date_gmt":"2020-08-20T16:19:45","guid":{"rendered":"http:\/\/www.hellhookah.com\/?post_type=product&#038;p=1279"},"modified":"2021-12-13T10:32:03","modified_gmt":"2021-12-13T08:32:03","slug":"the-curse-lp-t-shirt-pack","status":"publish","type":"product","link":"https:\/\/www.hellhookah.com\/lt\/product\/the-curse-lp-t-shirt-pack\/","title":{"rendered":"The Curse LP + mar\u0161kin\u0117liai rinkinys"},"content":{"rendered":"<p><strong><a href=\"https:\/\/www.hellhookah.com\/product\/the-curse-lp-extremely-limited-band-edition\/\" target=\"_blank\" rel=\"noopener noreferrer\">Ypa\u010d limituoto grup\u0117s leidimo LP plok\u0161tel\u0117<\/a><br \/>\n<\/strong>Ypa\u010d ribotas 50 vnt. tira\u017eas<br \/>\nKosmi\u0161kai juodai pilkas 180 gram\u0173 vinilin\u0117 plok\u0161tel\u0117<br \/>\n12\u2033 dvipusis insertas su grup\u0117s nuotraukomis, tekstais, informacija<br \/>\nDvipusis kartoninis vokas<\/p>\n<p>+<br \/>\n<a href=\"https:\/\/www.hellhookah.com\/product\/the-curse-t-shirt\/\" target=\"_blank\" rel=\"noopener noreferrer\"><strong>The Curse mar\u0161kin\u0117liai<\/strong><\/a><br \/>\n100% medviln\u0117<br \/>\n\u0160ilkografija<br \/>\nPie\u0161inio autorius: Darius Jonas Art<\/p>","protected":false},"excerpt":{"rendered":"<p>Ypa\u010d limituoto grup\u0117s leidimo LP plok\u0161tel\u0117 Ypa\u010d ribotas 50 vnt. tira\u017eas Kosmi\u0161kai juodai pilkas 180 gram\u0173 vinilin\u0117 plok\u0161tel\u0117 12\u2033 dvipusis insertas su grup\u0117s nuotraukomis, tekstais, informacija Dvipusis kartoninis vokas + The Curse mar\u0161kin\u0117liai 100% medviln\u0117 \u0160ilkografija Pie\u0161inio autorius: Darius Jonas &hellip; <a href=\"https:\/\/www.hellhookah.com\/lt\/product\/the-curse-lp-t-shirt-pack\/\">Skaitykite toliau <span class=\"meta-nav\">&rarr;<\/span><\/a><\/p>\n","protected":false},"featured_media":1285,"comment_status":"closed","ping_status":"closed","template":"","meta":[],"product_brand":[],"product_cat":[19],"product_tag":[],"class_list":{"0":"post-1279","1":"product","2":"type-product","3":"status-publish","4":"has-post-thumbnail","6":"product_cat-uncategorized","7":"product_shipping_class-registered","9":"first","10":"outofstock","11":"shipping-taxable","12":"product-type-simple"},"jetpack_sharing_enabled":true,"_links":{"self":[{"href":"https:\/\/www.hellhookah.com\/lt\/wp-json\/wp\/v2\/product\/1279","targetHints":{"allow":["GET"]}}],"collection":[{"href":"https:\/\/www.hellhookah.com\/lt\/wp-json\/wp\/v2\/product"}],"about":[{"href":"https:\/\/www.hellhookah.com\/lt\/wp-json\/wp\/v2\/types\/product"}],"replies":[{"embeddable":true,"href":"https:\/\/www.hellhookah.com\/lt\/wp-json\/wp\/v2\/comments?post=1279"}],"wp:featuredmedia":[{"embeddable":true,"href":"https:\/\/www.hellhookah.com\/lt\/wp-json\/wp\/v2\/media\/1285"}],"wp:attachment":[{"href":"https:\/\/www.hellhookah.com\/lt\/wp-json\/wp\/v2\/media?parent=1279"}],"wp:term":[{"taxonomy":"product_brand","embeddable":true,"href":"https:\/\/www.hellhookah.com\/lt\/wp-json\/wp\/v2\/product_brand?post=1279"},{"taxonomy":"product_cat","embeddable":true,"href":"https:\/\/www.hellhookah.com\/lt\/wp-json\/wp\/v2\/product_cat?post=1279"},{"taxonomy":"product_tag","embeddable":true,"href":"https:\/\/www.hellhookah.com\/lt\/wp-json\/wp\/v2\/product_tag?post=1279"}],"curies":[{"name":"wp","href":"https:\/\/api.w.org\/{rel}","templated":true}]}}