{"id":1286,"date":"2020-08-20T18:40:37","date_gmt":"2020-08-20T16:40:37","guid":{"rendered":"http:\/\/www.hellhookah.com\/?post_type=product&#038;p=1286"},"modified":"2021-12-13T09:34:56","modified_gmt":"2021-12-13T07:34:56","slug":"the-curse-lp-cd","status":"publish","type":"product","link":"https:\/\/www.hellhookah.com\/lt\/product\/the-curse-lp-cd\/","title":{"rendered":"The Curse LP + CD rinkinys"},"content":{"rendered":"<p><strong><a href=\"https:\/\/www.hellhookah.com\/product\/the-curse-lp-extremely-limited-band-edition\/\" target=\"_blank\" rel=\"noopener noreferrer\">Ypa\u010d limituoto grup\u0117s leidimo LP plok\u0161tel\u0117<\/a><br \/>\n<\/strong>Ypa\u010d ribotas 50 vnt. tira\u017eas<br \/>\nKosmi\u0161kai juodai pilkas 180 gram\u0173 vinilin\u0117 plok\u0161tel\u0117<br \/>\n12\u2033 dvipusis insertas su grup\u0117s nuotraukomis, tekstais, informacija<br \/>\nDvipusis kartoninis vokas<br \/>\n+<br \/>\n<strong><a href=\"https:\/\/www.hellhookah.com\/product\/the-curse-cd\/\" target=\"_blank\" rel=\"noopener noreferrer\">Audio CD diskas Jewel Case d\u0117\u017eut\u0117je su 8 psl. bukletu<\/a><br \/>\n<\/strong>Ribotas 500 vnt. tira\u017eas<br \/>\n8 puslapi\u0173 bukletas su tekstais<br \/>\nJewel Case d\u0117\u017eut\u0117 su permatomu tr\u0117jumi<br \/>\nAudio CD formatas<\/p>","protected":false},"excerpt":{"rendered":"<p>Ypa\u010d limituoto grup\u0117s leidimo LP plok\u0161tel\u0117 Ypa\u010d ribotas 50 vnt. tira\u017eas Kosmi\u0161kai juodai pilkas 180 gram\u0173 vinilin\u0117 plok\u0161tel\u0117 12\u2033 dvipusis insertas su grup\u0117s nuotraukomis, tekstais, informacija Dvipusis kartoninis vokas + Audio CD diskas Jewel Case d\u0117\u017eut\u0117je su 8 psl. bukletu &hellip; <a href=\"https:\/\/www.hellhookah.com\/lt\/product\/the-curse-lp-cd\/\">Skaitykite toliau <span class=\"meta-nav\">&rarr;<\/span><\/a><\/p>\n","protected":false},"featured_media":1287,"comment_status":"closed","ping_status":"closed","template":"","meta":[],"product_brand":[],"product_cat":[19],"product_tag":[],"class_list":{"0":"post-1286","1":"product","2":"type-product","3":"status-publish","4":"has-post-thumbnail","6":"product_cat-uncategorized","8":"first","9":"outofstock","10":"shipping-taxable","11":"purchasable","12":"product-type-simple"},"jetpack_sharing_enabled":true,"_links":{"self":[{"href":"https:\/\/www.hellhookah.com\/lt\/wp-json\/wp\/v2\/product\/1286","targetHints":{"allow":["GET"]}}],"collection":[{"href":"https:\/\/www.hellhookah.com\/lt\/wp-json\/wp\/v2\/product"}],"about":[{"href":"https:\/\/www.hellhookah.com\/lt\/wp-json\/wp\/v2\/types\/product"}],"replies":[{"embeddable":true,"href":"https:\/\/www.hellhookah.com\/lt\/wp-json\/wp\/v2\/comments?post=1286"}],"wp:featuredmedia":[{"embeddable":true,"href":"https:\/\/www.hellhookah.com\/lt\/wp-json\/wp\/v2\/media\/1287"}],"wp:attachment":[{"href":"https:\/\/www.hellhookah.com\/lt\/wp-json\/wp\/v2\/media?parent=1286"}],"wp:term":[{"taxonomy":"product_brand","embeddable":true,"href":"https:\/\/www.hellhookah.com\/lt\/wp-json\/wp\/v2\/product_brand?post=1286"},{"taxonomy":"product_cat","embeddable":true,"href":"https:\/\/www.hellhookah.com\/lt\/wp-json\/wp\/v2\/product_cat?post=1286"},{"taxonomy":"product_tag","embeddable":true,"href":"https:\/\/www.hellhookah.com\/lt\/wp-json\/wp\/v2\/product_tag?post=1286"}],"curies":[{"name":"wp","href":"https:\/\/api.w.org\/{rel}","templated":true}]}}