{"id":1432,"date":"2023-04-04T11:54:51","date_gmt":"2023-04-04T09:54:51","guid":{"rendered":"https:\/\/www.hellhookah.com\/?post_type=product&#038;p=1432"},"modified":"2026-02-10T11:25:31","modified_gmt":"2026-02-10T09:25:31","slug":"girlie-tank-top","status":"publish","type":"product","link":"https:\/\/www.hellhookah.com\/lt\/product\/girlie-tank-top\/","title":{"rendered":"Moteri\u0161ki mar\u0161kin\u0117liai"},"content":{"rendered":"<p class=\"qtranxs-available-languages-message qtranxs-available-languages-message-lt\">Puslapio n\u0117ra<\/p>","protected":false},"excerpt":{"rendered":"<p>Puslapio n\u0117ra<\/p>\n","protected":false},"featured_media":1433,"comment_status":"closed","ping_status":"closed","template":"","meta":[],"product_brand":[],"product_cat":[19],"product_tag":[],"class_list":{"0":"post-1432","1":"product","2":"type-product","3":"status-publish","4":"has-post-thumbnail","6":"product_cat-uncategorized","8":"first","9":"outofstock","10":"shipping-taxable","11":"purchasable","12":"product-type-variable","13":"rtwpvg-product"},"jetpack_sharing_enabled":true,"_links":{"self":[{"href":"https:\/\/www.hellhookah.com\/lt\/wp-json\/wp\/v2\/product\/1432","targetHints":{"allow":["GET"]}}],"collection":[{"href":"https:\/\/www.hellhookah.com\/lt\/wp-json\/wp\/v2\/product"}],"about":[{"href":"https:\/\/www.hellhookah.com\/lt\/wp-json\/wp\/v2\/types\/product"}],"replies":[{"embeddable":true,"href":"https:\/\/www.hellhookah.com\/lt\/wp-json\/wp\/v2\/comments?post=1432"}],"wp:featuredmedia":[{"embeddable":true,"href":"https:\/\/www.hellhookah.com\/lt\/wp-json\/wp\/v2\/media\/1433"}],"wp:attachment":[{"href":"https:\/\/www.hellhookah.com\/lt\/wp-json\/wp\/v2\/media?parent=1432"}],"wp:term":[{"taxonomy":"product_brand","embeddable":true,"href":"https:\/\/www.hellhookah.com\/lt\/wp-json\/wp\/v2\/product_brand?post=1432"},{"taxonomy":"product_cat","embeddable":true,"href":"https:\/\/www.hellhookah.com\/lt\/wp-json\/wp\/v2\/product_cat?post=1432"},{"taxonomy":"product_tag","embeddable":true,"href":"https:\/\/www.hellhookah.com\/lt\/wp-json\/wp\/v2\/product_tag?post=1432"}],"curies":[{"name":"wp","href":"https:\/\/api.w.org\/{rel}","templated":true}]}}