{"id":923,"date":"2020-03-24T19:28:42","date_gmt":"2020-03-24T17:28:42","guid":{"rendered":"http:\/\/www.hellhookah.com\/?post_type=product&#038;p=923"},"modified":"2026-02-10T11:26:08","modified_gmt":"2026-02-10T09:26:08","slug":"endless-serpents-cd","status":"publish","type":"product","link":"https:\/\/www.hellhookah.com\/lt\/product\/endless-serpents-cd\/","title":{"rendered":"Endless Serpents CD"},"content":{"rendered":"<p><strong>Audio CD d\u0117\u017eut\u0117 su 8 psl. bukletu<\/strong><br \/>\nI\u0161leido: NoSlip Records.<br \/>\n8 puslapi\u0173 bukletas su \u017eod\u017eiais, grup\u0117s nuotraukomis ir kt. informacija<br \/>\nJewel Case d\u0117\u017eut\u0117 su juodu tr\u0117jumi<br \/>\nAudio CD formatas<\/p>\n<p><strong>Dain\u0173 s\u0105ra\u0161as:<\/strong><br \/>\n1. A Storm in the Hidden World<br \/>\n2. Endless Serpents<br \/>\n3. The Way<br \/>\n4. No Brakes<br \/>\n5. The Overman&#8217;s Eye<br \/>\n6. Free Fall (Instrumental)<br \/>\n7. Born Too Late (Saint Vitus cover)<\/p>\n<p>D\u0116MESIO: Mes neatsakome u\u017e kurjeri\u0173 padaryt\u0105 \u017eal\u0105 siuntiniui. Visos prek\u0117s siun\u010diamos atsakingai \u012fpakuotos specialiai pritaikytose pakuot\u0117se.<\/p>","protected":false},"excerpt":{"rendered":"<p>Audio CD d\u0117\u017eut\u0117 su 8 psl. bukletu I\u0161leido: NoSlip Records. 8 puslapi\u0173 bukletas su \u017eod\u017eiais, grup\u0117s nuotraukomis ir kt. informacija Jewel Case d\u0117\u017eut\u0117 su juodu tr\u0117jumi Audio CD formatas Dain\u0173 s\u0105ra\u0161as: 1. A Storm in the Hidden World 2. Endless &hellip; <a href=\"https:\/\/www.hellhookah.com\/lt\/product\/endless-serpents-cd\/\">Skaitykite toliau <span class=\"meta-nav\">&rarr;<\/span><\/a><\/p>\n","protected":false},"featured_media":1197,"comment_status":"closed","ping_status":"closed","template":"","meta":[],"product_brand":[],"product_cat":[19],"product_tag":[],"class_list":{"0":"post-923","1":"product","2":"type-product","3":"status-publish","4":"has-post-thumbnail","6":"product_cat-uncategorized","8":"first","9":"outofstock","10":"shipping-taxable","11":"purchasable","12":"product-type-simple"},"jetpack_sharing_enabled":true,"_links":{"self":[{"href":"https:\/\/www.hellhookah.com\/lt\/wp-json\/wp\/v2\/product\/923","targetHints":{"allow":["GET"]}}],"collection":[{"href":"https:\/\/www.hellhookah.com\/lt\/wp-json\/wp\/v2\/product"}],"about":[{"href":"https:\/\/www.hellhookah.com\/lt\/wp-json\/wp\/v2\/types\/product"}],"replies":[{"embeddable":true,"href":"https:\/\/www.hellhookah.com\/lt\/wp-json\/wp\/v2\/comments?post=923"}],"wp:featuredmedia":[{"embeddable":true,"href":"https:\/\/www.hellhookah.com\/lt\/wp-json\/wp\/v2\/media\/1197"}],"wp:attachment":[{"href":"https:\/\/www.hellhookah.com\/lt\/wp-json\/wp\/v2\/media?parent=923"}],"wp:term":[{"taxonomy":"product_brand","embeddable":true,"href":"https:\/\/www.hellhookah.com\/lt\/wp-json\/wp\/v2\/product_brand?post=923"},{"taxonomy":"product_cat","embeddable":true,"href":"https:\/\/www.hellhookah.com\/lt\/wp-json\/wp\/v2\/product_cat?post=923"},{"taxonomy":"product_tag","embeddable":true,"href":"https:\/\/www.hellhookah.com\/lt\/wp-json\/wp\/v2\/product_tag?post=923"}],"curies":[{"name":"wp","href":"https:\/\/api.w.org\/{rel}","templated":true}]}}